{"id":8,"date":"2024-06-22T16:57:51","date_gmt":"2024-06-22T14:57:51","guid":{"rendered":"https:\/\/kallastore.labs-omnia.com\/?page_id=8"},"modified":"2024-06-22T16:58:05","modified_gmt":"2024-06-22T14:58:05","slug":"meubles","status":"publish","type":"page","link":"https:\/\/kallastore.labs-omnia.com\/?page_id=8","title":{"rendered":"Meubles"},"content":{"rendered":"\n<p>Des meubles de jardin confortables, des plantes en pot, des \u00e9clairages ext\u00e9rieurs et des d\u00e9corations appropri\u00e9es peuvent transformer un jardin ou une terrasse en une extension agr\u00e9able de votre espace de vie<\/p>\n\n\n\n<p>En fin de compte, la d\u00e9coration d&#8217;une maison est une expression personnelle de style et de go\u00fbt. Explorez diff\u00e9rentes options, exp\u00e9rimentez avec des id\u00e9es et cr\u00e9ez un environnement qui vous inspire et qui vous ressemble. Vous pouvez choisir de suivre un th\u00e8me sp\u00e9cifique (par exemple, minimaliste, scandinave, industriel, boh\u00e8me) ou m\u00e9langer diff\u00e9rents styles pour cr\u00e9er un look unique qui refl\u00e8te votre personnalit\u00e9.<\/p>\n\n\n\n<p>S\u00e9lectionnez des meubles qui non seulement r\u00e9pondent \u00e0 vos besoins fonctionnels mais qui contribuent \u00e9galement au style g\u00e9n\u00e9ral de la pi\u00e8ce. Du mobilier moderne, classique, vintage ou m\u00eame artisanal peut \u00eatre utilis\u00e9 pour cr\u00e9er l&#8217;ambiance souhait\u00e9e.<\/p>\n\n\n\n<p>Int\u00e9grez une vari\u00e9t\u00e9 de textures dans votre d\u00e9coration pour ajouter de la chaleur et de la profondeur. Des tapis douillets, des rideaux \u00e9l\u00e9gants, des coussins moelleux et des couvertures peuvent transformer l&#8217;aspect d&#8217;une pi\u00e8ce et la rendre plus accueillante.<\/p>\n\n\n\n<ul class=\"wp-block-list\">\n<li>T\u00e9l\u00e9phone <\/li>\n\n\n\n<li>adresse<\/li>\n\n\n\n<li>mail<\/li>\n<\/ul>\n\n\n\n\n\n\n\n\n","protected":false},"excerpt":{"rendered":"<p>Des meubles de jardin confortables, des plantes en pot, des \u00e9clairages ext\u00e9rieurs et des d\u00e9corations appropri\u00e9es peuvent transformer un jardin ou une terrasse en une extension agr\u00e9able de votre espace de vie En fin de compte, la d\u00e9coration d&#8217;une maison est une expression personnelle de style et de go\u00fbt. Explorez diff\u00e9rentes options, exp\u00e9rimentez avec des&#8230;<\/p>\n","protected":false},"author":1,"featured_media":0,"parent":0,"menu_order":0,"comment_status":"closed","ping_status":"closed","template":"","meta":{"_monsterinsights_skip_tracking":false,"_monsterinsights_sitenote_active":false,"_monsterinsights_sitenote_note":"","_monsterinsights_sitenote_category":0,"_kad_post_transparent":"","_kad_post_title":"","_kad_post_layout":"","_kad_post_sidebar_id":"","_kad_post_content_style":"","_kad_post_vertical_padding":"","_kad_post_feature":"","_kad_post_feature_position":"","_kad_post_header":false,"_kad_post_footer":false,"footnotes":""},"class_list":["post-8","page","type-page","status-publish","hentry"],"aioseo_notices":[],"_links":{"self":[{"href":"https:\/\/kallastore.labs-omnia.com\/index.php?rest_route=\/wp\/v2\/pages\/8","targetHints":{"allow":["GET"]}}],"collection":[{"href":"https:\/\/kallastore.labs-omnia.com\/index.php?rest_route=\/wp\/v2\/pages"}],"about":[{"href":"https:\/\/kallastore.labs-omnia.com\/index.php?rest_route=\/wp\/v2\/types\/page"}],"author":[{"embeddable":true,"href":"https:\/\/kallastore.labs-omnia.com\/index.php?rest_route=\/wp\/v2\/users\/1"}],"replies":[{"embeddable":true,"href":"https:\/\/kallastore.labs-omnia.com\/index.php?rest_route=%2Fwp%2Fv2%2Fcomments&post=8"}],"version-history":[{"count":1,"href":"https:\/\/kallastore.labs-omnia.com\/index.php?rest_route=\/wp\/v2\/pages\/8\/revisions"}],"predecessor-version":[{"id":9,"href":"https:\/\/kallastore.labs-omnia.com\/index.php?rest_route=\/wp\/v2\/pages\/8\/revisions\/9"}],"wp:attachment":[{"href":"https:\/\/kallastore.labs-omnia.com\/index.php?rest_route=%2Fwp%2Fv2%2Fmedia&parent=8"}],"curies":[{"name":"wp","href":"https:\/\/api.w.org\/{rel}","templated":true}]}}